{"id":1639,"date":"2022-11-08T17:00:37","date_gmt":"2022-11-08T22:00:37","guid":{"rendered":"https:\/\/www.blog.business-and-growth.com\/?page_id=1639"},"modified":"2022-11-08T21:27:16","modified_gmt":"2022-11-09T02:27:16","slug":"figura-3-amib","status":"publish","type":"page","link":"https:\/\/www.blog.business-and-growth.com\/index.php\/figura-3-amib\/","title":{"rendered":"Recursos multimedia"},"content":{"rendered":"\t\t<div data-elementor-type=\"wp-page\" data-elementor-id=\"1639\" class=\"elementor elementor-1639\">\n\t\t\t\t\t\t<div class=\"elementor-inner\">\n\t\t\t\t<div class=\"elementor-section-wrap\">\n\t\t\t\t\t\t\t\t\t<section class=\"elementor-section elementor-top-section elementor-element elementor-element-3b77352 elementor-section-boxed elementor-section-height-default elementor-section-height-default\" data-id=\"3b77352\" data-element_type=\"section\">\n\t\t\t\t\t\t<div class=\"elementor-container elementor-column-gap-default\">\n\t\t\t\t\t\t\t<div class=\"elementor-row\">\n\t\t\t\t\t<div class=\"elementor-column elementor-col-100 elementor-top-column elementor-element elementor-element-9204a4d\" data-id=\"9204a4d\" data-element_type=\"column\">\n\t\t\t<div class=\"elementor-column-wrap elementor-element-populated\">\n\t\t\t\t\t\t\t<div class=\"elementor-widget-wrap\">\n\t\t\t\t\t\t<div class=\"elementor-element elementor-element-313b5d3 elementor-widget elementor-widget-heading\" data-id=\"313b5d3\" data-element_type=\"widget\" data-widget_type=\"heading.default\">\n\t\t\t\t<div class=\"elementor-widget-container\">\n\t\t\t<h2 class=\"elementor-heading-title elementor-size-default\">Curso Figura 3. AMIB<\/h2>\t\t<\/div>\n\t\t\t\t<\/div>\n\t\t\t\t\t\t<\/div>\n\t\t\t\t\t<\/div>\n\t\t<\/div>\n\t\t\t\t\t\t\t\t<\/div>\n\t\t\t\t\t<\/div>\n\t\t<\/section>\n\t\t\t\t<section class=\"elementor-section elementor-top-section elementor-element elementor-element-134109d elementor-section-boxed elementor-section-height-default elementor-section-height-default\" data-id=\"134109d\" data-element_type=\"section\">\n\t\t\t\t\t\t<div class=\"elementor-container elementor-column-gap-default\">\n\t\t\t\t\t\t\t<div class=\"elementor-row\">\n\t\t\t\t\t<div class=\"elementor-column elementor-col-100 elementor-top-column elementor-element elementor-element-9f2e65a\" data-id=\"9f2e65a\" data-element_type=\"column\">\n\t\t\t<div class=\"elementor-column-wrap elementor-element-populated\">\n\t\t\t\t\t\t\t<div class=\"elementor-widget-wrap\">\n\t\t\t\t\t\t<div class=\"elementor-element elementor-element-6a421bc elementor-widget elementor-widget-text-editor\" data-id=\"6a421bc\" data-element_type=\"widget\" data-widget_type=\"text-editor.default\">\n\t\t\t\t<div class=\"elementor-widget-container\">\n\t\t\t\t\t\t\t\t<div class=\"elementor-text-editor elementor-clearfix\">\n\t\t\t\t<p>El objetivo del curso es preparar a los participantes para la certificaci\u00f3n en la figura 3, adem\u00e1s de adquirir conocimientos a trav\u00e9s del contenido&nbsp; y material did\u00e1ctico&nbsp; dise\u00f1ado en concordancia con la gu\u00eda de certificaci\u00f3n AMIB. Este curso, adem\u00e1s, te proporcionar\u00e1 las bases y fundamentos s\u00f3lidos para desempe\u00f1arte como un asesor confiable que brinde soluciones y ventajas a diversos tipos de clientes.&nbsp;<\/p>\t\t\t\t\t<\/div>\n\t\t\t\t\t\t<\/div>\n\t\t\t\t<\/div>\n\t\t\t\t\t\t<\/div>\n\t\t\t\t\t<\/div>\n\t\t<\/div>\n\t\t\t\t\t\t\t\t<\/div>\n\t\t\t\t\t<\/div>\n\t\t<\/section>\n\t\t\t\t<section class=\"elementor-section elementor-top-section elementor-element elementor-element-18547b2 elementor-section-boxed elementor-section-height-default elementor-section-height-default\" data-id=\"18547b2\" data-element_type=\"section\">\n\t\t\t\t\t\t<div class=\"elementor-container elementor-column-gap-default\">\n\t\t\t\t\t\t\t<div class=\"elementor-row\">\n\t\t\t\t\t<div class=\"elementor-column elementor-col-100 elementor-top-column elementor-element elementor-element-5ed06a7\" data-id=\"5ed06a7\" data-element_type=\"column\">\n\t\t\t<div class=\"elementor-column-wrap elementor-element-populated\">\n\t\t\t\t\t\t\t<div class=\"elementor-widget-wrap\">\n\t\t\t\t\t\t<div class=\"elementor-element elementor-element-29ca5cd elementor-aspect-ratio-169 elementor-widget elementor-widget-video\" data-id=\"29ca5cd\" data-element_type=\"widget\" data-settings=\"{&quot;youtube_url&quot;:&quot;https:\\\/\\\/www.youtube.com\\\/watch?v=zvh6uIP6lEM&amp;list=PLONk1ajUDh1rucv1KQ89EzWBLQTxILtGf&amp;index=3&quot;,&quot;video_type&quot;:&quot;youtube&quot;,&quot;controls&quot;:&quot;yes&quot;,&quot;aspect_ratio&quot;:&quot;169&quot;}\" data-widget_type=\"video.default\">\n\t\t\t\t<div class=\"elementor-widget-container\">\n\t\t\t\t\t<div class=\"elementor-wrapper elementor-fit-aspect-ratio elementor-open-inline\">\n\t\t\t<div class=\"elementor-video\"><\/div>\t\t<\/div>\n\t\t\t\t<\/div>\n\t\t\t\t<\/div>\n\t\t\t\t\t\t<\/div>\n\t\t\t\t\t<\/div>\n\t\t<\/div>\n\t\t\t\t\t\t\t\t<\/div>\n\t\t\t\t\t<\/div>\n\t\t<\/section>\n\t\t\t\t<section class=\"elementor-section elementor-top-section elementor-element elementor-element-ad007d9 elementor-section-boxed elementor-section-height-default elementor-section-height-default\" data-id=\"ad007d9\" data-element_type=\"section\">\n\t\t\t\t\t\t<div class=\"elementor-container elementor-column-gap-default\">\n\t\t\t\t\t\t\t<div class=\"elementor-row\">\n\t\t\t\t\t<div class=\"elementor-column elementor-col-100 elementor-top-column elementor-element elementor-element-0a6841d\" data-id=\"0a6841d\" data-element_type=\"column\">\n\t\t\t<div class=\"elementor-column-wrap elementor-element-populated\">\n\t\t\t\t\t\t\t<div class=\"elementor-widget-wrap\">\n\t\t\t\t\t\t<div class=\"elementor-element elementor-element-a29c800 elementor-widget elementor-widget-text-editor\" data-id=\"a29c800\" data-element_type=\"widget\" data-widget_type=\"text-editor.default\">\n\t\t\t\t<div class=\"elementor-widget-container\">\n\t\t\t\t\t\t\t\t<div class=\"elementor-text-editor elementor-clearfix\">\n\t\t\t\t\t\t\t\t\t<\/div>\n\t\t\t\t\t\t<\/div>\n\t\t\t\t<\/div>\n\t\t\t\t\t\t<\/div>\n\t\t\t\t\t<\/div>\n\t\t<\/div>\n\t\t\t\t\t\t\t\t<\/div>\n\t\t\t\t\t<\/div>\n\t\t<\/section>\n\t\t\t\t\t\t\t\t\t<\/div>\n\t\t\t<\/div>\n\t\t\t\t\t<\/div>\n\t\t","protected":false},"excerpt":{"rendered":"<p>Curso Figura 3. AMIB El objetivo del curso es preparar a los participantes para la certificaci\u00f3n en la figura 3, adem\u00e1s de adquirir conocimientos a trav\u00e9s del contenido&nbsp; y material did\u00e1ctico&nbsp; dise\u00f1ado en concordancia con la gu\u00eda de certificaci\u00f3n AMIB. Este curso, adem\u00e1s, te proporcionar\u00e1 las bases y fundamentos s\u00f3lidos para desempe\u00f1arte como un asesor [&hellip;]<\/p>\n","protected":false},"author":5,"featured_media":0,"parent":0,"menu_order":0,"comment_status":"closed","ping_status":"closed","template":"page-templates\/page_front-page.php","meta":{"spay_email":""},"yoast_head":"<!-- This site is optimized with the Yoast SEO plugin v15.5 - https:\/\/yoast.com\/wordpress\/plugins\/seo\/ -->\n<title>Recursos multimedia - Publicaciones B&amp;G<\/title>\n<meta name=\"robots\" content=\"index, follow, max-snippet:-1, max-image-preview:large, max-video-preview:-1\" \/>\n<link rel=\"canonical\" href=\"https:\/\/www.blog.business-and-growth.com\/index.php\/figura-3-amib\/\" \/>\n<meta property=\"og:locale\" content=\"es_ES\" \/>\n<meta property=\"og:type\" content=\"article\" \/>\n<meta property=\"og:title\" content=\"Recursos multimedia - Publicaciones B&amp;G\" \/>\n<meta property=\"og:description\" content=\"Curso Figura 3. AMIB El objetivo del curso es preparar a los participantes para la certificaci\u00f3n en la figura 3, adem\u00e1s de adquirir conocimientos a trav\u00e9s del contenido&nbsp; y material did\u00e1ctico&nbsp; dise\u00f1ado en concordancia con la gu\u00eda de certificaci\u00f3n AMIB. Este curso, adem\u00e1s, te proporcionar\u00e1 las bases y fundamentos s\u00f3lidos para desempe\u00f1arte como un asesor [&hellip;]\" \/>\n<meta property=\"og:url\" content=\"https:\/\/www.blog.business-and-growth.com\/index.php\/figura-3-amib\/\" \/>\n<meta property=\"og:site_name\" content=\"Publicaciones B&amp;G\" \/>\n<meta property=\"article:modified_time\" content=\"2022-11-09T02:27:16+00:00\" \/>\n<meta name=\"twitter:card\" content=\"summary_large_image\" \/>\n<meta name=\"twitter:label1\" content=\"Est. reading time\">\n\t<meta name=\"twitter:data1\" content=\"0 minutes\">\n<script type=\"application\/ld+json\" class=\"yoast-schema-graph\">{\"@context\":\"https:\/\/schema.org\",\"@graph\":[{\"@type\":\"Organization\",\"@id\":\"https:\/\/www.blog.business-and-growth.com\/#organization\",\"name\":\"Business & Growth\",\"url\":\"https:\/\/www.blog.business-and-growth.com\/\",\"sameAs\":[],\"logo\":{\"@type\":\"ImageObject\",\"@id\":\"https:\/\/www.blog.business-and-growth.com\/#logo\",\"inLanguage\":\"es-ES\",\"url\":\"https:\/\/www.blog.business-and-growth.com\/wp-content\/uploads\/2020\/02\/bg-1.png\",\"width\":512,\"height\":512,\"caption\":\"Business & Growth\"},\"image\":{\"@id\":\"https:\/\/www.blog.business-and-growth.com\/#logo\"}},{\"@type\":\"WebSite\",\"@id\":\"https:\/\/www.blog.business-and-growth.com\/#website\",\"url\":\"https:\/\/www.blog.business-and-growth.com\/\",\"name\":\"Publicaciones B&amp;G\",\"description\":\"Producci\\u00f3n de articulos y ensayos B&amp;G\",\"publisher\":{\"@id\":\"https:\/\/www.blog.business-and-growth.com\/#organization\"},\"potentialAction\":[{\"@type\":\"SearchAction\",\"target\":\"https:\/\/www.blog.business-and-growth.com\/?s={search_term_string}\",\"query-input\":\"required name=search_term_string\"}],\"inLanguage\":\"es-ES\"},{\"@type\":\"WebPage\",\"@id\":\"https:\/\/www.blog.business-and-growth.com\/index.php\/figura-3-amib\/#webpage\",\"url\":\"https:\/\/www.blog.business-and-growth.com\/index.php\/figura-3-amib\/\",\"name\":\"Recursos multimedia - Publicaciones B&amp;G\",\"isPartOf\":{\"@id\":\"https:\/\/www.blog.business-and-growth.com\/#website\"},\"datePublished\":\"2022-11-08T22:00:37+00:00\",\"dateModified\":\"2022-11-09T02:27:16+00:00\",\"inLanguage\":\"es-ES\",\"potentialAction\":[{\"@type\":\"ReadAction\",\"target\":[\"https:\/\/www.blog.business-and-growth.com\/index.php\/figura-3-amib\/\"]}]}]}<\/script>\n<!-- \/ Yoast SEO plugin. -->","jetpack_sharing_enabled":true,"jetpack_likes_enabled":true,"_links":{"self":[{"href":"https:\/\/www.blog.business-and-growth.com\/index.php\/wp-json\/wp\/v2\/pages\/1639"}],"collection":[{"href":"https:\/\/www.blog.business-and-growth.com\/index.php\/wp-json\/wp\/v2\/pages"}],"about":[{"href":"https:\/\/www.blog.business-and-growth.com\/index.php\/wp-json\/wp\/v2\/types\/page"}],"author":[{"embeddable":true,"href":"https:\/\/www.blog.business-and-growth.com\/index.php\/wp-json\/wp\/v2\/users\/5"}],"replies":[{"embeddable":true,"href":"https:\/\/www.blog.business-and-growth.com\/index.php\/wp-json\/wp\/v2\/comments?post=1639"}],"version-history":[{"count":14,"href":"https:\/\/www.blog.business-and-growth.com\/index.php\/wp-json\/wp\/v2\/pages\/1639\/revisions"}],"predecessor-version":[{"id":1667,"href":"https:\/\/www.blog.business-and-growth.com\/index.php\/wp-json\/wp\/v2\/pages\/1639\/revisions\/1667"}],"wp:attachment":[{"href":"https:\/\/www.blog.business-and-growth.com\/index.php\/wp-json\/wp\/v2\/media?parent=1639"}],"curies":[{"name":"wp","href":"https:\/\/api.w.org\/{rel}","templated":true}]}}