{"id":162,"date":"2020-01-29T21:32:02","date_gmt":"2020-01-29T21:32:02","guid":{"rendered":"http:\/\/www.blog.business-and-growth.com\/?page_id=162"},"modified":"2022-11-08T17:56:27","modified_gmt":"2022-11-08T22:56:27","slug":"inicio","status":"publish","type":"page","link":"https:\/\/www.blog.business-and-growth.com\/","title":{"rendered":"Inicio"},"content":{"rendered":"\t\t<div data-elementor-type=\"wp-page\" data-elementor-id=\"162\" class=\"elementor elementor-162\">\n\t\t\t\t\t\t<div class=\"elementor-inner\">\n\t\t\t\t<div class=\"elementor-section-wrap\">\n\t\t\t\t\t\t\t\t\t<section class=\"elementor-section elementor-top-section elementor-element elementor-element-c47b493 elementor-section-boxed elementor-section-height-default elementor-section-height-default\" data-id=\"c47b493\" data-element_type=\"section\">\n\t\t\t\t\t\t<div class=\"elementor-container elementor-column-gap-default\">\n\t\t\t\t\t\t\t<div class=\"elementor-row\">\n\t\t\t\t\t<div class=\"elementor-column elementor-col-100 elementor-top-column elementor-element elementor-element-28e2dfbc\" data-id=\"28e2dfbc\" data-element_type=\"column\">\n\t\t\t<div class=\"elementor-column-wrap elementor-element-populated\">\n\t\t\t\t\t\t\t<div class=\"elementor-widget-wrap\">\n\t\t\t\t\t\t<div class=\"elementor-element elementor-element-3e522978 elementor-widget elementor-widget-text-editor\" data-id=\"3e522978\" data-element_type=\"widget\" data-widget_type=\"text-editor.default\">\n\t\t\t\t<div class=\"elementor-widget-container\">\n\t\t\t\t\t\t\t\t<div class=\"elementor-text-editor elementor-clearfix\">\n\t\t\t\t<p><!-- wp:paragraph {\"align\":\"center\",\"backgroundColor\":\"primary\",\"fontSize\":\"large\"} --><\/p>\n<p class=\"MsoNormal\" style=\"text-align: justify;\">En Business and Growth estamos en un proceso constante de actualizaci\u00f3n del conocimiento y de aplicaci\u00f3n de estrategias innovadoras. Ante un contexto econ\u00f3mico y financiero cambiante y retador&nbsp; es necesaria la b\u00fasqueda de informaci\u00f3n y&nbsp; an\u00e1lisis que nos permitan comprender los diversos problemas y retos para tomar mejores decisiones.<\/p>\n<p class=\"MsoNormal\" style=\"text-align: justify;\">En este espacio, encontraras art\u00edculos de opini\u00f3n, de divulgaci\u00f3n,&nbsp; bibliograf\u00eda as\u00ed como&nbsp; diversos materiales escritos por profesores que forman parte de B&amp;G,&nbsp; &nbsp;que te permitir\u00e1n estar informado y comprender los acontecimientos econ\u00f3mico-financieros contempor\u00e1neos m\u00e1s&nbsp; destacados.<\/p>\n<p class=\"MsoNormal\" style=\"text-align: justify;\"><span style=\"color: #3366ff;\"><b>Esperamos que la informaci\u00f3n que te compartimos sea de tu inter\u00e9s.<\/b><\/span><\/p>\n<p class=\"MsoNormal\" style=\"text-align: justify;\">\n<\/p><p><!-- \/wp:paragraph --><\/p>\t\t\t\t\t<\/div>\n\t\t\t\t\t\t<\/div>\n\t\t\t\t<\/div>\n\t\t\t\t<div class=\"elementor-element elementor-element-1d747df elementor-widget-divider--view-line elementor-widget elementor-widget-divider\" data-id=\"1d747df\" data-element_type=\"widget\" data-widget_type=\"divider.default\">\n\t\t\t\t<div class=\"elementor-widget-container\">\n\t\t\t\t\t<div class=\"elementor-divider\">\n\t\t\t<span class=\"elementor-divider-separator\">\n\t\t\t\t\t\t<\/span>\n\t\t<\/div>\n\t\t\t\t<\/div>\n\t\t\t\t<\/div>\n\t\t\t\t\t\t<\/div>\n\t\t\t\t\t<\/div>\n\t\t<\/div>\n\t\t\t\t\t\t\t\t<\/div>\n\t\t\t\t\t<\/div>\n\t\t<\/section>\n\t\t\t\t<section class=\"elementor-section elementor-top-section elementor-element elementor-element-ba23a1c elementor-section-boxed elementor-section-height-default elementor-section-height-default\" data-id=\"ba23a1c\" data-element_type=\"section\">\n\t\t\t\t\t\t<div class=\"elementor-container elementor-column-gap-default\">\n\t\t\t\t\t\t\t<div class=\"elementor-row\">\n\t\t\t\t\t<div class=\"elementor-column elementor-col-50 elementor-top-column elementor-element elementor-element-2173170\" data-id=\"2173170\" data-element_type=\"column\">\n\t\t\t<div class=\"elementor-column-wrap elementor-element-populated\">\n\t\t\t\t\t\t\t<div class=\"elementor-widget-wrap\">\n\t\t\t\t\t\t<div class=\"elementor-element elementor-element-6374e0d elementor-view-framed elementor-position-top elementor-shape-circle elementor-mobile-position-top elementor-vertical-align-top elementor-widget elementor-widget-icon-box\" data-id=\"6374e0d\" data-element_type=\"widget\" data-widget_type=\"icon-box.default\">\n\t\t\t\t<div class=\"elementor-widget-container\">\n\t\t\t\t\t<div class=\"elementor-icon-box-wrapper\">\n\t\t\t\t\t\t<div class=\"elementor-icon-box-icon\">\n\t\t\t\t<span class=\"elementor-icon elementor-animation-\" >\n\t\t\t\t<i aria-hidden=\"true\" class=\"fas fa-newspaper\"><\/i>\t\t\t\t<\/span>\n\t\t\t<\/div>\n\t\t\t\t\t\t<div class=\"elementor-icon-box-content\">\n\t\t\t\t<h1 class=\"elementor-icon-box-title\">\n\t\t\t\t\t<span  >\n\t\t\t\t\t\tArt\u00edculos de Divulgaci\u00f3n\t\t\t\t\t<\/span>\n\t\t\t\t<\/h1>\n\t\t\t\t\t\t\t\t\t<p class=\"elementor-icon-box-description\">\n\t\t\t\t\t\t\n<a href=\"https:\/\/www.blog.business-and-growth.com\/index.php\/category\/art\/\" >LEER M\u00c1S ART\u00cdCULOS..<\/a>\t\t\t\t\t<\/p>\n\t\t\t\t\t\t\t<\/div>\n\t\t<\/div>\n\t\t\t\t<\/div>\n\t\t\t\t<\/div>\n\t\t\t\t\t\t<\/div>\n\t\t\t\t\t<\/div>\n\t\t<\/div>\n\t\t\t\t<div class=\"elementor-column elementor-col-50 elementor-top-column elementor-element elementor-element-bc7d9e4\" data-id=\"bc7d9e4\" data-element_type=\"column\">\n\t\t\t<div class=\"elementor-column-wrap elementor-element-populated\">\n\t\t\t\t\t\t\t<div class=\"elementor-widget-wrap\">\n\t\t\t\t\t\t<div class=\"elementor-element elementor-element-95def1a elementor-view-framed elementor-position-top elementor-shape-circle elementor-mobile-position-top elementor-vertical-align-top elementor-widget elementor-widget-icon-box\" data-id=\"95def1a\" data-element_type=\"widget\" data-widget_type=\"icon-box.default\">\n\t\t\t\t<div class=\"elementor-widget-container\">\n\t\t\t\t\t<div class=\"elementor-icon-box-wrapper\">\n\t\t\t\t\t\t<div class=\"elementor-icon-box-icon\">\n\t\t\t\t<span class=\"elementor-icon elementor-animation-\" >\n\t\t\t\t<i aria-hidden=\"true\" class=\"fas fa-book\"><\/i>\t\t\t\t<\/span>\n\t\t\t<\/div>\n\t\t\t\t\t\t<div class=\"elementor-icon-box-content\">\n\t\t\t\t<h1 class=\"elementor-icon-box-title\">\n\t\t\t\t\t<span  >\n\t\t\t\t\t\tBiblioteca\t\t\t\t\t<\/span>\n\t\t\t\t<\/h1>\n\t\t\t\t\t\t\t\t\t<p class=\"elementor-icon-box-description\">\n\t\t\t\t\t\t<br><p class=\"has-text-align-Justify\"><a rel=\"noreferrer noopener\" href=\"https:\/\/www.blog.business-and-growth.com\/index.php\/biblioteca\/\" target=\"_blank\">IR A BIBLIOTECA...<\/a><span style=\"color: var( --e-global-color-text ); font-family: var( --e-global-typography-text-font-family ), lato; font-weight: var( --e-global-typography-text-font-weight );\"><\/span><\/p>\t\t\t\t\t<\/p>\n\t\t\t\t\t\t\t<\/div>\n\t\t<\/div>\n\t\t\t\t<\/div>\n\t\t\t\t<\/div>\n\t\t\t\t\t\t<\/div>\n\t\t\t\t\t<\/div>\n\t\t<\/div>\n\t\t\t\t\t\t\t\t<\/div>\n\t\t\t\t\t<\/div>\n\t\t<\/section>\n\t\t\t\t<section class=\"elementor-section elementor-top-section elementor-element elementor-element-d350729 elementor-section-boxed elementor-section-height-default elementor-section-height-default\" data-id=\"d350729\" data-element_type=\"section\">\n\t\t\t\t\t\t<div class=\"elementor-container elementor-column-gap-default\">\n\t\t\t\t\t\t\t<div class=\"elementor-row\">\n\t\t\t\t\t<div class=\"elementor-column elementor-col-100 elementor-top-column elementor-element elementor-element-7f4d51d\" data-id=\"7f4d51d\" data-element_type=\"column\">\n\t\t\t<div class=\"elementor-column-wrap elementor-element-populated\">\n\t\t\t\t\t\t\t<div class=\"elementor-widget-wrap\">\n\t\t\t\t\t\t<div class=\"elementor-element elementor-element-177f8b7 elementor-widget elementor-widget-heading\" data-id=\"177f8b7\" data-element_type=\"widget\" data-widget_type=\"heading.default\">\n\t\t\t\t<div class=\"elementor-widget-container\">\n\t\t\t<h2 class=\"elementor-heading-title elementor-size-default\">Recursos Multimedia <br><\/h2>\t\t<\/div>\n\t\t\t\t<\/div>\n\t\t\t\t\t\t<\/div>\n\t\t\t\t\t<\/div>\n\t\t<\/div>\n\t\t\t\t\t\t\t\t<\/div>\n\t\t\t\t\t<\/div>\n\t\t<\/section>\n\t\t\t\t<section class=\"elementor-section elementor-top-section elementor-element elementor-element-421b13a elementor-section-boxed elementor-section-height-default elementor-section-height-default\" data-id=\"421b13a\" data-element_type=\"section\">\n\t\t\t\t\t\t<div class=\"elementor-container elementor-column-gap-default\">\n\t\t\t\t\t\t\t<div class=\"elementor-row\">\n\t\t\t\t\t<div class=\"elementor-column elementor-col-100 elementor-top-column elementor-element elementor-element-ba4bbb7\" data-id=\"ba4bbb7\" data-element_type=\"column\">\n\t\t\t<div class=\"elementor-column-wrap elementor-element-populated\">\n\t\t\t\t\t\t\t<div class=\"elementor-widget-wrap\">\n\t\t\t\t\t\t<div class=\"elementor-element elementor-element-4bfcad6 elementor-button-info elementor-align-left elementor-widget elementor-widget-button\" data-id=\"4bfcad6\" data-element_type=\"widget\" data-widget_type=\"button.default\">\n\t\t\t\t<div class=\"elementor-widget-container\">\n\t\t\t\t\t<div class=\"elementor-button-wrapper\">\n\t\t\t<a href=\"https:\/\/www.blog.business-and-growth.com\/index.php\/figura-3-amib\/\" class=\"elementor-button-link elementor-button elementor-size-sm\" role=\"button\">\n\t\t\t\t\t\t<span class=\"elementor-button-content-wrapper\">\n\t\t\t\t\t\t<span class=\"elementor-button-text\">Aqu\u00ed<\/span>\n\t\t<\/span>\n\t\t\t\t\t<\/a>\n\t\t<\/div>\n\t\t\t\t<\/div>\n\t\t\t\t<\/div>\n\t\t\t\t\t\t<\/div>\n\t\t\t\t\t<\/div>\n\t\t<\/div>\n\t\t\t\t\t\t\t\t<\/div>\n\t\t\t\t\t<\/div>\n\t\t<\/section>\n\t\t\t\t\t\t\t\t\t<\/div>\n\t\t\t<\/div>\n\t\t\t\t\t<\/div>\n\t\t","protected":false},"excerpt":{"rendered":"<p>En Business and Growth estamos en un proceso constante de actualizaci\u00f3n del conocimiento y de aplicaci\u00f3n de estrategias innovadoras. Ante un contexto econ\u00f3mico y financiero cambiante y retador&nbsp; es necesaria la b\u00fasqueda de informaci\u00f3n y&nbsp; an\u00e1lisis que nos permitan comprender los diversos problemas y retos para tomar mejores decisiones. En este espacio, encontraras art\u00edculos de [&hellip;]<\/p>\n","protected":false},"author":1,"featured_media":0,"parent":0,"menu_order":3,"comment_status":"closed","ping_status":"closed","template":"elementor_theme","meta":{"spay_email":""},"yoast_head":"<!-- This site is optimized with the Yoast SEO plugin v15.5 - https:\/\/yoast.com\/wordpress\/plugins\/seo\/ -->\n<title>Inicio - Publicaciones B&amp;G<\/title>\n<meta name=\"description\" content=\"Somos una empresa dedicada a dar servicio de consultor\u00eda y capacitaci\u00f3n de alta calidad, proponiendo soluciones estrat\u00e9gicas e innovadoras en finanzas y gesti\u00f3n del talento\" \/>\n<meta name=\"robots\" content=\"index, follow, max-snippet:-1, max-image-preview:large, max-video-preview:-1\" \/>\n<link rel=\"canonical\" href=\"https:\/\/www.blog.business-and-growth.com\/\" \/>\n<meta property=\"og:locale\" content=\"es_ES\" \/>\n<meta property=\"og:type\" content=\"article\" \/>\n<meta property=\"og:title\" content=\"Inicio - Publicaciones B&amp;G\" \/>\n<meta property=\"og:description\" content=\"Somos una empresa dedicada a dar servicio de consultor\u00eda y capacitaci\u00f3n de alta calidad, proponiendo soluciones estrat\u00e9gicas e innovadoras en finanzas y gesti\u00f3n del talento\" \/>\n<meta property=\"og:url\" content=\"https:\/\/www.blog.business-and-growth.com\/\" \/>\n<meta property=\"og:site_name\" content=\"Publicaciones B&amp;G\" \/>\n<meta property=\"article:modified_time\" content=\"2022-11-08T22:56:27+00:00\" \/>\n<meta name=\"twitter:card\" content=\"summary_large_image\" \/>\n<meta name=\"twitter:label1\" content=\"Est. reading time\">\n\t<meta name=\"twitter:data1\" content=\"1 minute\">\n<script type=\"application\/ld+json\" class=\"yoast-schema-graph\">{\"@context\":\"https:\/\/schema.org\",\"@graph\":[{\"@type\":\"Organization\",\"@id\":\"https:\/\/www.blog.business-and-growth.com\/#organization\",\"name\":\"Business & Growth\",\"url\":\"https:\/\/www.blog.business-and-growth.com\/\",\"sameAs\":[],\"logo\":{\"@type\":\"ImageObject\",\"@id\":\"https:\/\/www.blog.business-and-growth.com\/#logo\",\"inLanguage\":\"es-ES\",\"url\":\"https:\/\/www.blog.business-and-growth.com\/wp-content\/uploads\/2020\/02\/bg-1.png\",\"width\":512,\"height\":512,\"caption\":\"Business & Growth\"},\"image\":{\"@id\":\"https:\/\/www.blog.business-and-growth.com\/#logo\"}},{\"@type\":\"WebSite\",\"@id\":\"https:\/\/www.blog.business-and-growth.com\/#website\",\"url\":\"https:\/\/www.blog.business-and-growth.com\/\",\"name\":\"Publicaciones B&amp;G\",\"description\":\"Producci\\u00f3n de articulos y ensayos B&amp;G\",\"publisher\":{\"@id\":\"https:\/\/www.blog.business-and-growth.com\/#organization\"},\"potentialAction\":[{\"@type\":\"SearchAction\",\"target\":\"https:\/\/www.blog.business-and-growth.com\/?s={search_term_string}\",\"query-input\":\"required name=search_term_string\"}],\"inLanguage\":\"es-ES\"},{\"@type\":\"WebPage\",\"@id\":\"https:\/\/www.blog.business-and-growth.com\/#webpage\",\"url\":\"https:\/\/www.blog.business-and-growth.com\/\",\"name\":\"Inicio - Publicaciones B&amp;G\",\"isPartOf\":{\"@id\":\"https:\/\/www.blog.business-and-growth.com\/#website\"},\"datePublished\":\"2020-01-29T21:32:02+00:00\",\"dateModified\":\"2022-11-08T22:56:27+00:00\",\"description\":\"Somos una empresa dedicada a dar servicio de consultor\\u00eda y capacitaci\\u00f3n de alta calidad, proponiendo soluciones estrat\\u00e9gicas e innovadoras en finanzas y gesti\\u00f3n del talento\",\"inLanguage\":\"es-ES\",\"potentialAction\":[{\"@type\":\"ReadAction\",\"target\":[\"https:\/\/www.blog.business-and-growth.com\/\"]}]}]}<\/script>\n<!-- \/ Yoast SEO plugin. -->","jetpack_sharing_enabled":true,"jetpack_likes_enabled":true,"_links":{"self":[{"href":"https:\/\/www.blog.business-and-growth.com\/index.php\/wp-json\/wp\/v2\/pages\/162"}],"collection":[{"href":"https:\/\/www.blog.business-and-growth.com\/index.php\/wp-json\/wp\/v2\/pages"}],"about":[{"href":"https:\/\/www.blog.business-and-growth.com\/index.php\/wp-json\/wp\/v2\/types\/page"}],"author":[{"embeddable":true,"href":"https:\/\/www.blog.business-and-growth.com\/index.php\/wp-json\/wp\/v2\/users\/1"}],"replies":[{"embeddable":true,"href":"https:\/\/www.blog.business-and-growth.com\/index.php\/wp-json\/wp\/v2\/comments?post=162"}],"version-history":[{"count":75,"href":"https:\/\/www.blog.business-and-growth.com\/index.php\/wp-json\/wp\/v2\/pages\/162\/revisions"}],"predecessor-version":[{"id":1663,"href":"https:\/\/www.blog.business-and-growth.com\/index.php\/wp-json\/wp\/v2\/pages\/162\/revisions\/1663"}],"wp:attachment":[{"href":"https:\/\/www.blog.business-and-growth.com\/index.php\/wp-json\/wp\/v2\/media?parent=162"}],"curies":[{"name":"wp","href":"https:\/\/api.w.org\/{rel}","templated":true}]}}